



 {"id":1689,"date":"2018-09-16T20:45:46","date_gmt":"2018-09-16T18:45:46","guid":{"rendered":"http:\/\/historicalcity.eu\/?page_id=1689"},"modified":"2024-05-14T10:24:48","modified_gmt":"2024-05-14T08:24:48","slug":"members","status":"publish","type":"page","link":"https:\/\/historicalcity.eu\/en\/members\/","title":{"rendered":"Members"},"content":{"rendered":"<div class=\"row\">\n<div class=\"column\">\n<h1 style=\"text-align: center;\">Cracow<\/h1>\n<p><center><a href=\"https:\/\/krakow.pl\/\" target=\"_blank\" rel=\"noopener noreferrer\"><img decoding=\"async\" class=\"wp-image-1646 size-medium\" src=\"http:\/\/historicalcity.eu\/wp-content\/uploads\/2018\/09\/krakow.png\" alt=\"\" height=\"205\" \/><\/a><\/center><\/div>\n<div class=\"column\">\n<h1 style=\"text-align: center;\">Edinburgh<\/h1>\n<p><center><a href=\"https:\/\/edinburgh.org\/\" target=\"_blank\" rel=\"noopener noreferrer\"><img loading=\"lazy\" decoding=\"async\" class=\" wp-image-1641\" src=\"http:\/\/historicalcity.eu\/wp-content\/uploads\/2018\/09\/edynburg2.png\" alt=\"\" width=\"177\" height=\"177\" \/><\/a><\/center><\/div>\n<\/div>\n<div class=\"row\">\n<div class=\"column\">\n<h1 style=\"text-align: center;\">Budapest<\/h1>\n<p><center><a href=\"https:\/\/budapest.hu\/\" target=\"_blank\" rel=\"noopener noreferrer\"><img loading=\"lazy\" decoding=\"async\" class=\"wp-image-1646 size-medium\" src=\"http:\/\/historicalcity.eu\/wp-content\/uploads\/2018\/09\/Budapest-logo_pdf-vect-300x205.jpg\" alt=\"\" width=\"300\" height=\"205\" srcset=\"https:\/\/historicalcity.eu\/wp-content\/uploads\/2018\/09\/Budapest-logo_pdf-vect-300x205.jpg 300w, https:\/\/historicalcity.eu\/wp-content\/uploads\/2018\/09\/Budapest-logo_pdf-vect-768x525.jpg 768w, https:\/\/historicalcity.eu\/wp-content\/uploads\/2018\/09\/Budapest-logo_pdf-vect-1024x701.jpg 1024w, https:\/\/historicalcity.eu\/wp-content\/uploads\/2018\/09\/Budapest-logo_pdf-vect.jpg 1200w\" sizes=\"auto, (max-width: 300px) 100vw, 300px\" \/><\/a><\/center><\/div>\n<div class=\"column\">\n<h1 style=\"text-align: center;\">Gda\u0144sk<\/h1>\n<p><center><a href=\"https:\/\/gdansk.pl\/\" target=\"_blank\" rel=\"noopener noreferrer\"><img loading=\"lazy\" decoding=\"async\" class=\"size-medium wp-image-1641\" src=\"http:\/\/historicalcity.eu\/wp-content\/uploads\/2018\/09\/Gdansk-300x246.png\" alt=\"\" width=\"300\" height=\"246\" srcset=\"https:\/\/historicalcity.eu\/wp-content\/uploads\/2018\/09\/Gdansk-300x246.png 300w, https:\/\/historicalcity.eu\/wp-content\/uploads\/2018\/09\/Gdansk-768x629.png 768w, https:\/\/historicalcity.eu\/wp-content\/uploads\/2018\/09\/Gdansk.png 979w\" sizes=\"auto, (max-width: 300px) 100vw, 300px\" \/><\/a><\/center><\/div>\n<\/div>\n<div class=\"row\">\n<div class=\"column\">\n<h1 style=\"text-align: center;\">Kyiv<\/h1>\n<p><center><a href=\"https:\/\/kmr.gov.ua\/en\" target=\"_blank\" rel=\"noopener noreferrer\"><img loading=\"lazy\" decoding=\"async\" class=\"alignnone wp-image-1642\" src=\"http:\/\/historicalcity.eu\/wp-content\/uploads\/2018\/10\/Kyiv_logo_engl_rgb-4500-2111.png\" alt=\"\" width=\"396\" height=\"186\" \/><\/a><\/center><\/div>\n<div class=\"column\">\n<h1 style=\"text-align: center;\">Lublin<\/h1>\n<p><center><a href=\"https:\/\/lublin.eu\/\" target=\"_blank\" rel=\"noopener noreferrer\"><img loading=\"lazy\" decoding=\"async\" src=\"https:\/\/historicalcity.eu\/wp-content\/uploads\/2020\/02\/lublin@2x.jpg\" alt=\"Lublin\" width=\"400\" height=\"200\" \/><\/a><\/center><\/div>\n<\/div>\n<div class=\"row\">\n<div class=\"column\">\n<h1 style=\"text-align: center;\">Lviv<\/h1>\n<p><center><a href=\"https:\/\/city-adm.lviv.ua\/\" target=\"_blank\" rel=\"noopener noreferrer\"><img decoding=\"async\" class=\"wp-image-1645 size-medium\" src=\"http:\/\/historicalcity.eu\/wp-content\/uploads\/2018\/09\/\u041b\u043e\u0433\u043e\u0442\u0438\u043f_\u041b\u044c\u0432\u043e\u0432\u0430_\u0430\u043d\u0433\u043b\u0456\u0439\u0441\u044c\u043a\u043e\u044e-238x300.png\" alt=\"Lviv\" height=\"220\" srcset=\"https:\/\/historicalcity.eu\/wp-content\/uploads\/2018\/09\/\u041b\u043e\u0433\u043e\u0442\u0438\u043f_\u041b\u044c\u0432\u043e\u0432\u0430_\u0430\u043d\u0433\u043b\u0456\u0439\u0441\u044c\u043a\u043e\u044e-238x300.png 238w, https:\/\/historicalcity.eu\/wp-content\/uploads\/2018\/09\/\u041b\u043e\u0433\u043e\u0442\u0438\u043f_\u041b\u044c\u0432\u043e\u0432\u0430_\u0430\u043d\u0433\u043b\u0456\u0439\u0441\u044c\u043a\u043e\u044e.png 570w\" sizes=\"(max-width: 238px) 100vw, 238px\" \/><\/a><\/center><\/div>\n<div class=\"column\">\n<h1 style=\"text-align: center;\">\u0141a\u0144cut<\/h1>\n<p><center><a href=\"http:\/\/www.lancut.pl\/\" target=\"_blank\" rel=\"noopener noreferrer\"><img loading=\"lazy\" decoding=\"async\" class=\"wp-image-1642 \" src=\"https:\/\/historicalcity.eu\/wp-content\/uploads\/2020\/03\/Herb_miasta_napis_Lancut.jpg\" alt=\"\" width=\"337\" height=\"337\" \/><\/a><\/center><\/div>\n<\/div>\n<div class=\"row\">\n<div class=\"column\">\n<h1 style=\"text-align: center;\">Pozna\u0144<\/h1>\n<p><center><a href=\"https:\/\/www.poznan.pl\/\" target=\"_blank\" rel=\"noopener noreferrer\"><img decoding=\"async\" class=\"size-medium wp-image-1643\" src=\"http:\/\/historicalcity.eu\/wp-content\/uploads\/2018\/09\/logo_POZnan_POL.png\" alt=\"Poznan\" width=\"300\" \/><\/a><\/center><\/div>\n<div class=\"column\">\n<h1 style=\"text-align: center;\">\u015awidnica<\/h1>\n<p><center><a href=\"http:\/\/um.swidnica.pl\/pages\/pl\/strona-glowna.php\" target=\"_blank\" rel=\"noopener noreferrer\"><img loading=\"lazy\" decoding=\"async\" class=\"wp-image-1642 \" src=\"http:\/\/historicalcity.eu\/wp-content\/uploads\/2018\/10\/swidnica.jpg\" alt=\"\" width=\"279\" height=\"294\" \/><\/a><\/center><\/div>\n<\/div>\n<div class=\"row\">\n<div class=\"column\">\n<h1 style=\"text-align: center;\">Tarn\u00f3w<\/h1>\n<p><center><a href=\"https:\/\/www.tarnow.pl\/\" target=\"_blank\" rel=\"noopener noreferrer\"><img decoding=\"async\" class=\"wp-image-1642 size-medium\" src=\"http:\/\/historicalcity.eu\/wp-content\/uploads\/2018\/09\/leliwka_pw--212x300.jpg\" alt=\"\" height=\"200\" srcset=\"https:\/\/historicalcity.eu\/wp-content\/uploads\/2018\/09\/leliwka_pw--212x300.jpg 212w, https:\/\/historicalcity.eu\/wp-content\/uploads\/2018\/09\/leliwka_pw--768x1086.jpg 768w, https:\/\/historicalcity.eu\/wp-content\/uploads\/2018\/09\/leliwka_pw--724x1024.jpg 724w, https:\/\/historicalcity.eu\/wp-content\/uploads\/2018\/09\/leliwka_pw-.jpg 779w\" sizes=\"(max-width: 212px) 100vw, 212px\" \/><\/a><\/center><\/div>\n<div class=\"column\">\n<h1 style=\"text-align: center;\">Tbilisi<\/h1>\n<p><center><a href=\"https:\/\/georgia.travel\/\" target=\"_blank\" rel=\"noopener noreferrer\"><img loading=\"lazy\" decoding=\"async\" class=\"alignnone wp-image-1642\" src=\"http:\/\/historicalcity.eu\/wp-content\/uploads\/2018\/09\/tbilisi.jpg\" alt=\"\" width=\"295\" height=\"260\" \/><\/a><\/center><\/div>\n<\/div>\n<div class=\"row\">\n<div class=\"column\">\n<h1 style=\"text-align: center;\">Toru\u0144<\/h1>\n<p><center><a href=\"https:\/\/www.torun.pl\/\" target=\"_blank\" rel=\"noopener noreferrer\"><img decoding=\"async\" class=\"wp-image-1644 size-full\" src=\"http:\/\/historicalcity.eu\/wp-content\/uploads\/2018\/09\/logo_torunia.gif\" alt=\"\" height=\"200\" \/><\/a><\/center><\/div>\n<div class=\"column\">\n<h1 style=\"text-align: center;\">Veliko Tarnovo<\/h1>\n<p><center><a href=\"https:\/\/www.veliko-tarnovo.bg\/en\/\" target=\"_blank\" rel=\"noopener noreferrer\"><img loading=\"lazy\" decoding=\"async\" class=\"wp-image-1642 \" src=\"http:\/\/historicalcity.eu\/wp-content\/uploads\/2018\/09\/vlk.tyrnowo.png\" alt=\"\" width=\"299\" height=\"299\" \/><\/a><\/center><\/div>\n<\/div>\n<div class=\"row\">\n<div class=\"column\">\n<h1 style=\"text-align: center;\">Wroc\u0142aw<\/h1>\n<p><center><a href=\"https:\/\/www.wroclaw.pl\/\" target=\"_blank\" rel=\"noopener noreferrer\"><img loading=\"lazy\" decoding=\"async\" class=\"wp-image-1644 size-full\" src=\"http:\/\/historicalcity.eu\/wp-content\/uploads\/2018\/09\/wroclaw.jpg\" alt=\"\" width=\"200\" height=\"196\" \/><\/a><\/center><\/div>\n<div class=\"column\">\n<h1 style=\"text-align: center;\">Zamo\u015b\u0107<\/h1>\n<p><center><a href=\"http:\/\/www.zamosc.pl\/\" target=\"_blank\" rel=\"noopener noreferrer\"><img loading=\"lazy\" decoding=\"async\" class=\"wp-image-1644 \" src=\"http:\/\/historicalcity.eu\/wp-content\/uploads\/2018\/09\/zamo\u015b\u0107_logo_poprawne1.jpg\" alt=\"\" width=\"457\" height=\"216\" \/><\/a><\/center><\/div>\n<\/div>\n<div class=\"row\">\n<div class=\"column\">\n<h1 style=\"text-align: center;\">Antalya<\/h1>\n<p><center><a href=\"https:\/\/antalya.com.tr\/en\" target=\"_blank\" rel=\"noopener noreferrer\"><img loading=\"lazy\" decoding=\"async\" class=\"alignnone wp-image-1644 size-full\" src=\"https:\/\/historicalcity.eu\/wp-content\/uploads\/2020\/08\/antalya.png\" alt=\"Antalya\" width=\"200\" height=\"196\" \/><\/a><\/center><\/div>\n<div class=\"column\">\n<h1 style=\"text-align: center;\">Braga<\/h1>\n<p><center><a href=\"https:\/\/www.cm-braga.pt\/en\" target=\"_blank\" rel=\"noopener noreferrer\"><img loading=\"lazy\" decoding=\"async\" class=\"alignnone wp-image-1644\" src=\"https:\/\/historicalcity.eu\/wp-content\/uploads\/2023\/07\/Logo-Municipality-of-Braga.png\" alt=\"Braga\" width=\"182\" height=\"265\" \/><\/a><\/center><\/div>\n<\/div>\n","protected":false},"excerpt":{"rendered":"<p>Cracow Edinburgh Budapest Gda\u0144sk Kyiv Lublin Lviv \u0141a\u0144cut Pozna\u0144 \u015awidnica Tarn\u00f3w Tbilisi Toru\u0144 Veliko Tarnovo Wroc\u0142aw Zamo\u015b\u0107 Antalya Braga<\/p>\n","protected":false},"author":1,"featured_media":0,"parent":0,"menu_order":0,"comment_status":"closed","ping_status":"closed","template":"","meta":{"_acf_changed":false,"inline_featured_image":false,"footnotes":""},"class_list":["post-1689","page","type-page","status-publish","hentry"],"acf":[],"_links":{"self":[{"href":"https:\/\/historicalcity.eu\/en\/wp-json\/wp\/v2\/pages\/1689","targetHints":{"allow":["GET"]}}],"collection":[{"href":"https:\/\/historicalcity.eu\/en\/wp-json\/wp\/v2\/pages"}],"about":[{"href":"https:\/\/historicalcity.eu\/en\/wp-json\/wp\/v2\/types\/page"}],"author":[{"embeddable":true,"href":"https:\/\/historicalcity.eu\/en\/wp-json\/wp\/v2\/users\/1"}],"replies":[{"embeddable":true,"href":"https:\/\/historicalcity.eu\/en\/wp-json\/wp\/v2\/comments?post=1689"}],"version-history":[{"count":36,"href":"https:\/\/historicalcity.eu\/en\/wp-json\/wp\/v2\/pages\/1689\/revisions"}],"predecessor-version":[{"id":11733,"href":"https:\/\/historicalcity.eu\/en\/wp-json\/wp\/v2\/pages\/1689\/revisions\/11733"}],"wp:attachment":[{"href":"https:\/\/historicalcity.eu\/en\/wp-json\/wp\/v2\/media?parent=1689"}],"curies":[{"name":"wp","href":"https:\/\/api.w.org\/{rel}","templated":true}]}}